{"id":1839,"date":"2026-02-23T07:14:25","date_gmt":"2026-02-23T10:14:25","guid":{"rendered":"https:\/\/educamb.mma.gov.br\/?page_id=1839"},"modified":"2026-02-23T07:43:57","modified_gmt":"2026-02-23T10:43:57","slug":"nos-no-clima-da-mudanca-caminhos-de-educacao-e-justica-climatica","status":"publish","type":"page","link":"https:\/\/educamb.mma.gov.br\/?page_id=1839","title":{"rendered":"N\u00f3s no Clima da Mudan\u00e7a: Caminhos de Educa\u00e7\u00e3o e Justi\u00e7a Clim\u00e1tica"},"content":{"rendered":"\t\t<div data-elementor-type=\"wp-page\" data-elementor-id=\"1839\" class=\"elementor elementor-1839\">\n\t\t\t\t<div class=\"elementor-element elementor-element-baadb0c e-con-full e-flex wpr-particle-no wpr-jarallax-no wpr-parallax-no wpr-sticky-section-no e-con e-parent\" data-id=\"baadb0c\" data-element_type=\"container\" data-settings=\"{&quot;background_background&quot;:&quot;classic&quot;}\">\n\t\t<div class=\"elementor-element elementor-element-6933b16 e-flex e-con-boxed wpr-particle-no wpr-jarallax-no wpr-parallax-no wpr-sticky-section-no e-con e-child\" data-id=\"6933b16\" data-element_type=\"container\">\n\t\t\t\t\t<div class=\"e-con-inner\">\n\t\t<div class=\"elementor-element elementor-element-acacf6f e-con-full e-flex wpr-particle-no wpr-jarallax-no wpr-parallax-no wpr-sticky-section-no e-con e-child\" data-id=\"acacf6f\" data-element_type=\"container\">\n\t\t<div class=\"elementor-element elementor-element-f8f4ac7 e-con-full e-flex wpr-particle-no wpr-jarallax-no wpr-parallax-no wpr-sticky-section-no e-con e-child\" data-id=\"f8f4ac7\" data-element_type=\"container\">\n\t\t<div class=\"elementor-element elementor-element-c815d73 e-grid e-con-full wpr-particle-no wpr-jarallax-no wpr-parallax-no wpr-sticky-section-no e-con e-child\" data-id=\"c815d73\" data-element_type=\"container\">\n\t\t<div class=\"elementor-element elementor-element-8bc8f77 e-con-full e-flex wpr-particle-no wpr-jarallax-no wpr-parallax-no wpr-sticky-section-no e-con e-child\" data-id=\"8bc8f77\" data-element_type=\"container\">\n\t\t\t\t<div class=\"elementor-element elementor-element-4ef5cc1 elementor-widget elementor-widget-heading\" data-id=\"4ef5cc1\" data-element_type=\"widget\" data-widget_type=\"heading.default\">\n\t\t\t\t<div class=\"elementor-widget-container\">\n\t\t\t\t\t<h2 class=\"elementor-heading-title elementor-size-default\">N\u00f3s no Clima da Mudan\u00e7a: Caminhos de Educa\u00e7\u00e3o e Justi\u00e7a Clim\u00e1tica<\/h2>\t\t\t\t<\/div>\n\t\t\t\t<\/div>\n\t\t\t\t<div class=\"elementor-element elementor-element-215781c elementor-widget elementor-widget-text-editor\" data-id=\"215781c\" data-element_type=\"widget\" data-widget_type=\"text-editor.default\">\n\t\t\t\t<div class=\"elementor-widget-container\">\n\t\t\t\t\t\t\t\t\t<p>A forma\u00e7\u00e3o articula Educa\u00e7\u00e3o Ambiental, Justi\u00e7a Clim\u00e1tica e Redu\u00e7\u00e3o de Riscos de Desastres (RRD), convidando os(as) participantes a refletirem sobre as desigualdades socioambientais e as pot\u00eancias de a\u00e7\u00e3o coletiva no contexto escolar. Ao longo dos m\u00f3dulos, s\u00e3o apresentados conceitos fundamentais e metodologias participativas que fortalecem o protagonismo estudantil, a escuta ativa, o cuidado com os territ\u00f3rios e a regenera\u00e7\u00e3o das rela\u00e7\u00f5es entre pessoas e natureza.<\/p><p>\u00a0<\/p>\t\t\t\t\t\t\t\t<\/div>\n\t\t\t\t<\/div>\n\t\t\t\t<div class=\"elementor-element elementor-element-c2e7bf7 elementor-widget elementor-widget-text-editor\" data-id=\"c2e7bf7\" data-element_type=\"widget\" data-widget_type=\"text-editor.default\">\n\t\t\t\t<div class=\"elementor-widget-container\">\n\t\t\t\t\t\t\t\t\t<p><strong>Per\u00edodo de Inscri\u00e7\u00f5es: <\/strong>23\/02\/2026 a 15\/06\/2026<strong><br \/>Per\u00edodo de Oferta: <\/strong>23\/02\/2026 a 30\/06\/2026<strong><br \/><br \/><\/strong><\/p>\t\t\t\t\t\t\t\t<\/div>\n\t\t\t\t<\/div>\n\t\t\t\t<\/div>\n\t\t<div class=\"elementor-element elementor-element-e932203 e-con-full e-flex wpr-particle-no wpr-jarallax-no wpr-parallax-no wpr-sticky-section-no e-con e-child\" data-id=\"e932203\" data-element_type=\"container\">\n\t\t\t\t<div class=\"elementor-element elementor-element-842e877 elementor-widget elementor-widget-image\" data-id=\"842e877\" data-element_type=\"widget\" data-widget_type=\"image.default\">\n\t\t\t\t<div class=\"elementor-widget-container\">\n\t\t\t\t\t\t\t\t\t\t\t\t\t\t\t<img fetchpriority=\"high\" decoding=\"async\" width=\"800\" height=\"533\" src=\"https:\/\/educamb.mma.gov.br\/wp-content\/uploads\/2025\/12\/Card-2.png\" class=\"attachment-large size-large wp-image-1838\" alt=\"\" srcset=\"https:\/\/educamb.mma.gov.br\/wp-content\/uploads\/2025\/12\/Card-2.png 948w, https:\/\/educamb.mma.gov.br\/wp-content\/uploads\/2025\/12\/Card-2-300x200.png 300w, https:\/\/educamb.mma.gov.br\/wp-content\/uploads\/2025\/12\/Card-2-768x512.png 768w\" sizes=\"(max-width: 800px) 100vw, 800px\" \/>\t\t\t\t\t\t\t\t\t\t\t\t\t\t\t<\/div>\n\t\t\t\t<\/div>\n\t\t\t\t<\/div>\n\t\t\t\t<\/div>\n\t\t<div class=\"elementor-element elementor-element-1aa21ae e-grid e-con-full wpr-particle-no wpr-jarallax-no wpr-parallax-no wpr-sticky-section-no e-con e-child\" data-id=\"1aa21ae\" data-element_type=\"container\">\n\t\t\t\t<div class=\"elementor-element elementor-element-241c097 wpr-advanced-accordion-icon-side-box elementor-widget elementor-widget-wpr-advanced-accordion\" data-id=\"241c097\" data-element_type=\"widget\" data-settings=\"{&quot;active_item&quot;:1}\" data-widget_type=\"wpr-advanced-accordion.default\">\n\t\t\t\t<div class=\"elementor-widget-container\">\n\t\t\t\t\t\n            <div class=\"wpr-advanced-accordion\" data-accordion-type=\"toggle\" data-active-index=\"1\" data-accordion-trigger=\"click\" data-interaction-speed=\"0.4\">\n\n\t\t\t\n                \n\t\t\t\t\t<div class=\"wpr-accordion-item-wrap\">\n\t\t\t\t\t\t<button class=\"wpr-acc-button\">\n\t\t\t\t\t\t\t<span class=\"wpr-acc-item-title\">\n\t\t\t\t\t\t\t\t\t\t\t\t\t\t\t\t\t<div class=\"wpr-acc-icon-box\">\n\t\t\t\t\t\t\t\t\t\t\t\t\t\t<span class=\"wpr-title-icon\">\n\t\t\t\t\t<i aria-hidden=\"true\" class=\"icon icon-calendar1\"><\/i>\t\t\t\t<\/span>\n\t\t\t\t\t\t\t\t\t\t\t\t<\/div>\n\t\t\t\t\t\t\t\t\n\t\t\t\t\t\t\t\t<span class=\"wpr-acc-title-text\">Carga Hor\u00e1ria<\/span>\n\t\t\t\t\t\t\t<\/span>\n\t\t\t\t\t\t\t\t\t\t\t<span class=\"wpr-toggle-icon wpr-ti-close\"><svg aria-hidden=\"true\" class=\"e-font-icon-svg e-fas-plus\" viewBox=\"0 0 448 512\" xmlns=\"http:\/\/www.w3.org\/2000\/svg\"><path d=\"M416 208H272V64c0-17.67-14.33-32-32-32h-32c-17.67 0-32 14.33-32 32v144H32c-17.67 0-32 14.33-32 32v32c0 17.67 14.33 32 32 32h144v144c0 17.67 14.33 32 32 32h32c17.67 0 32-14.33 32-32V304h144c17.67 0 32-14.33 32-32v-32c0-17.67-14.33-32-32-32z\"><\/path><\/svg><\/span>\n\t\t\t\t<span class=\"wpr-toggle-icon wpr-ti-open\"><svg aria-hidden=\"true\" class=\"e-font-icon-svg e-fas-minus\" viewBox=\"0 0 448 512\" xmlns=\"http:\/\/www.w3.org\/2000\/svg\"><path d=\"M416 208H32c-17.67 0-32 14.33-32 32v32c0 17.67 14.33 32 32 32h384c17.67 0 32-14.33 32-32v-32c0-17.67-14.33-32-32-32z\"><\/path><\/svg><\/span>\n\t\t\t\t\t\t\t\t\t<\/button>\n\n\t\t\t\t\t\t<div class=\"wpr-acc-panel\">\n\t\t\t\t\t\t\t\t\t\t\t\t\t\t\t<div class=\"wpr-acc-panel-content\"><p>20 horas<\/p><\/div>\n\t\t\t\t\t\t\t\t\t\t\t\t\t<\/div>\n                    <\/div>\n\n                \n\t\t\t\t\t<div class=\"wpr-accordion-item-wrap\">\n\t\t\t\t\t\t<button class=\"wpr-acc-button\">\n\t\t\t\t\t\t\t<span class=\"wpr-acc-item-title\">\n\t\t\t\t\t\t\t\t\t\t\t\t\t\t\t\t\t<div class=\"wpr-acc-icon-box\">\n\t\t\t\t\t\t\t\t\t\t\t\t\t\t<span class=\"wpr-title-icon\">\n\t\t\t\t\t<i aria-hidden=\"true\" class=\"icon icon-Computer\"><\/i>\t\t\t\t<\/span>\n\t\t\t\t\t\t\t\t\t\t\t\t<\/div>\n\t\t\t\t\t\t\t\t\n\t\t\t\t\t\t\t\t<span class=\"wpr-acc-title-text\">Modalidade<\/span>\n\t\t\t\t\t\t\t<\/span>\n\t\t\t\t\t\t\t\t\t\t\t<span class=\"wpr-toggle-icon wpr-ti-close\"><svg aria-hidden=\"true\" class=\"e-font-icon-svg e-fas-plus\" viewBox=\"0 0 448 512\" xmlns=\"http:\/\/www.w3.org\/2000\/svg\"><path d=\"M416 208H272V64c0-17.67-14.33-32-32-32h-32c-17.67 0-32 14.33-32 32v144H32c-17.67 0-32 14.33-32 32v32c0 17.67 14.33 32 32 32h144v144c0 17.67 14.33 32 32 32h32c17.67 0 32-14.33 32-32V304h144c17.67 0 32-14.33 32-32v-32c0-17.67-14.33-32-32-32z\"><\/path><\/svg><\/span>\n\t\t\t\t<span class=\"wpr-toggle-icon wpr-ti-open\"><svg aria-hidden=\"true\" class=\"e-font-icon-svg e-fas-minus\" viewBox=\"0 0 448 512\" xmlns=\"http:\/\/www.w3.org\/2000\/svg\"><path d=\"M416 208H32c-17.67 0-32 14.33-32 32v32c0 17.67 14.33 32 32 32h384c17.67 0 32-14.33 32-32v-32c0-17.67-14.33-32-32-32z\"><\/path><\/svg><\/span>\n\t\t\t\t\t\t\t\t\t<\/button>\n\n\t\t\t\t\t\t<div class=\"wpr-acc-panel\">\n\t\t\t\t\t\t\t\t\t\t\t\t\t\t\t<div class=\"wpr-acc-panel-content\"><p><span style=\"font-weight: 400;\">100% online<\/span><\/p><\/div>\n\t\t\t\t\t\t\t\t\t\t\t\t\t<\/div>\n                    <\/div>\n\n                \n\t\t\t\t\t<div class=\"wpr-accordion-item-wrap\">\n\t\t\t\t\t\t<button class=\"wpr-acc-button\">\n\t\t\t\t\t\t\t<span class=\"wpr-acc-item-title\">\n\t\t\t\t\t\t\t\t\t\t\t\t\t\t\t\t\t<div class=\"wpr-acc-icon-box\">\n\t\t\t\t\t\t\t\t\t\t\t\t\t\t<span class=\"wpr-title-icon\">\n\t\t\t\t\t<i aria-hidden=\"true\" class=\"icon icon-users1\"><\/i>\t\t\t\t<\/span>\n\t\t\t\t\t\t\t\t\t\t\t\t<\/div>\n\t\t\t\t\t\t\t\t\n\t\t\t\t\t\t\t\t<span class=\"wpr-acc-title-text\">P\u00fablico-alvo<\/span>\n\t\t\t\t\t\t\t<\/span>\n\t\t\t\t\t\t\t\t\t\t\t<span class=\"wpr-toggle-icon wpr-ti-close\"><svg aria-hidden=\"true\" class=\"e-font-icon-svg e-fas-plus\" viewBox=\"0 0 448 512\" xmlns=\"http:\/\/www.w3.org\/2000\/svg\"><path d=\"M416 208H272V64c0-17.67-14.33-32-32-32h-32c-17.67 0-32 14.33-32 32v144H32c-17.67 0-32 14.33-32 32v32c0 17.67 14.33 32 32 32h144v144c0 17.67 14.33 32 32 32h32c17.67 0 32-14.33 32-32V304h144c17.67 0 32-14.33 32-32v-32c0-17.67-14.33-32-32-32z\"><\/path><\/svg><\/span>\n\t\t\t\t<span class=\"wpr-toggle-icon wpr-ti-open\"><svg aria-hidden=\"true\" class=\"e-font-icon-svg e-fas-minus\" viewBox=\"0 0 448 512\" xmlns=\"http:\/\/www.w3.org\/2000\/svg\"><path d=\"M416 208H32c-17.67 0-32 14.33-32 32v32c0 17.67 14.33 32 32 32h384c17.67 0 32-14.33 32-32v-32c0-17.67-14.33-32-32-32z\"><\/path><\/svg><\/span>\n\t\t\t\t\t\t\t\t\t<\/button>\n\n\t\t\t\t\t\t<div class=\"wpr-acc-panel\">\n\t\t\t\t\t\t\t\t\t\t\t\t\t\t\t<div class=\"wpr-acc-panel-content\"><p>O curso tem foco na forma\u00e7\u00e3o de educadores dos ensinos Fundamental I, II e M\u00e9dio que desejam aprofundar-se nos desafios e possibilidades de atua\u00e7\u00e3o pedag\u00f3gica diante da emerg\u00eancia clim\u00e1tica.<\/p><\/div>\n\t\t\t\t\t\t\t\t\t\t\t\t\t<\/div>\n                    <\/div>\n\n                \n\t\t\t\t\t<div class=\"wpr-accordion-item-wrap\">\n\t\t\t\t\t\t<button class=\"wpr-acc-button\">\n\t\t\t\t\t\t\t<span class=\"wpr-acc-item-title\">\n\t\t\t\t\t\t\t\t\t\t\t\t\t\t\t\t\t<div class=\"wpr-acc-icon-box\">\n\t\t\t\t\t\t\t\t\t\t\t\t\t\t<span class=\"wpr-title-icon\">\n\t\t\t\t\t<i aria-hidden=\"true\" class=\"icon icon-edit\"><\/i>\t\t\t\t<\/span>\n\t\t\t\t\t\t\t\t\t\t\t\t<\/div>\n\t\t\t\t\t\t\t\t\n\t\t\t\t\t\t\t\t<span class=\"wpr-acc-title-text\">Objetivo Geral<\/span>\n\t\t\t\t\t\t\t<\/span>\n\t\t\t\t\t\t\t\t\t\t\t<span class=\"wpr-toggle-icon wpr-ti-close\"><svg aria-hidden=\"true\" class=\"e-font-icon-svg e-fas-plus\" viewBox=\"0 0 448 512\" xmlns=\"http:\/\/www.w3.org\/2000\/svg\"><path d=\"M416 208H272V64c0-17.67-14.33-32-32-32h-32c-17.67 0-32 14.33-32 32v144H32c-17.67 0-32 14.33-32 32v32c0 17.67 14.33 32 32 32h144v144c0 17.67 14.33 32 32 32h32c17.67 0 32-14.33 32-32V304h144c17.67 0 32-14.33 32-32v-32c0-17.67-14.33-32-32-32z\"><\/path><\/svg><\/span>\n\t\t\t\t<span class=\"wpr-toggle-icon wpr-ti-open\"><svg aria-hidden=\"true\" class=\"e-font-icon-svg e-fas-minus\" viewBox=\"0 0 448 512\" xmlns=\"http:\/\/www.w3.org\/2000\/svg\"><path d=\"M416 208H32c-17.67 0-32 14.33-32 32v32c0 17.67 14.33 32 32 32h384c17.67 0 32-14.33 32-32v-32c0-17.67-14.33-32-32-32z\"><\/path><\/svg><\/span>\n\t\t\t\t\t\t\t\t\t<\/button>\n\n\t\t\t\t\t\t<div class=\"wpr-acc-panel\">\n\t\t\t\t\t\t\t\t\t\t\t\t\t\t\t<div class=\"wpr-acc-panel-content\"><p>O objetivo deste curso \u00e9 que voc\u00ea consiga transformar suas pr\u00e1ticas pedag\u00f3gicas e sua atua\u00e7\u00e3o escolar a partir de uma compreens\u00e3o cr\u00edtica das mudan\u00e7as clim\u00e1ticas, da justi\u00e7a socioambiental e dos riscos de desastres, promovendo a\u00e7\u00f5es educativas colaborativas, contextualizadas e regenerativas em seus territ\u00f3rios. Para isso, espera-se que, ao final do curso, voc\u00ea seja capaz de:<\/p><ul><li>Analisar criticamente os impactos das mudan\u00e7as clim\u00e1ticas e das injusti\u00e7as socioambientais no contexto escolar e territorial;<\/li><li>Criar pr\u00e1ticas pedag\u00f3gicas transformadoras e integradoras a partir de conceitos como justi\u00e7a clim\u00e1tica, Bem Viver, sa\u00fade planet\u00e1ria e resili\u00eancia comunit\u00e1ria;<\/li><li>Aplicar metodologias participativas que fortale\u00e7am o protagonismo estudantil, a cultura de preven\u00e7\u00e3o e a regenera\u00e7\u00e3o ambiental.<\/li><\/ul><\/div>\n\t\t\t\t\t\t\t\t\t\t\t\t\t<\/div>\n                    <\/div>\n\n                \n\t\t\t\t\t<div class=\"wpr-accordion-item-wrap\">\n\t\t\t\t\t\t<button class=\"wpr-acc-button\">\n\t\t\t\t\t\t\t<span class=\"wpr-acc-item-title\">\n\t\t\t\t\t\t\t\t\t\t\t\t\t\t\t\t\t<div class=\"wpr-acc-icon-box\">\n\t\t\t\t\t\t\t\t\t\t\t\t\t\t<span class=\"wpr-title-icon\">\n\t\t\t\t\t<i aria-hidden=\"true\" class=\"icon icon-stylish-list\"><\/i>\t\t\t\t<\/span>\n\t\t\t\t\t\t\t\t\t\t\t\t<\/div>\n\t\t\t\t\t\t\t\t\n\t\t\t\t\t\t\t\t<span class=\"wpr-acc-title-text\">Conte\u00fado Program\u00e1tico<\/span>\n\t\t\t\t\t\t\t<\/span>\n\t\t\t\t\t\t\t\t\t\t\t<span class=\"wpr-toggle-icon wpr-ti-close\"><svg aria-hidden=\"true\" class=\"e-font-icon-svg e-fas-plus\" viewBox=\"0 0 448 512\" xmlns=\"http:\/\/www.w3.org\/2000\/svg\"><path d=\"M416 208H272V64c0-17.67-14.33-32-32-32h-32c-17.67 0-32 14.33-32 32v144H32c-17.67 0-32 14.33-32 32v32c0 17.67 14.33 32 32 32h144v144c0 17.67 14.33 32 32 32h32c17.67 0 32-14.33 32-32V304h144c17.67 0 32-14.33 32-32v-32c0-17.67-14.33-32-32-32z\"><\/path><\/svg><\/span>\n\t\t\t\t<span class=\"wpr-toggle-icon wpr-ti-open\"><svg aria-hidden=\"true\" class=\"e-font-icon-svg e-fas-minus\" viewBox=\"0 0 448 512\" xmlns=\"http:\/\/www.w3.org\/2000\/svg\"><path d=\"M416 208H32c-17.67 0-32 14.33-32 32v32c0 17.67 14.33 32 32 32h384c17.67 0 32-14.33 32-32v-32c0-17.67-14.33-32-32-32z\"><\/path><\/svg><\/span>\n\t\t\t\t\t\t\t\t\t<\/button>\n\n\t\t\t\t\t\t<div class=\"wpr-acc-panel\">\n\t\t\t\t\t\t\t\t\t\t\t\t\t\t\t<div class=\"wpr-acc-panel-content\"><p><strong>M\u00f3dulo 01<\/strong> - Caminhos transformadores<br \/><strong>M\u00f3dulo 02<\/strong> - Territ\u00f3rios saud\u00e1veis<br \/><strong>M\u00f3dulo 03<\/strong> - Territ\u00f3rios que protegem<br \/><strong>M\u00f3dulo 04<\/strong> - Territ\u00f3rios de paz e regenera\u00e7\u00e3o<\/p><\/div>\n\t\t\t\t\t\t\t\t\t\t\t\t\t<\/div>\n                    <\/div>\n\n                            <\/div>\n        \t\t\t\t<\/div>\n\t\t\t\t<\/div>\n\t\t<div class=\"elementor-element elementor-element-1b17f05 e-con-full e-flex wpr-particle-no wpr-jarallax-no wpr-parallax-no wpr-sticky-section-no e-con e-child\" data-id=\"1b17f05\" data-element_type=\"container\">\n\t\t\t\t<div class=\"elementor-element elementor-element-12986e5 elementor-align-left elementor-mobile-align-justify elementor-widget elementor-widget-button\" data-id=\"12986e5\" data-element_type=\"widget\" data-widget_type=\"button.default\">\n\t\t\t\t<div class=\"elementor-widget-container\">\n\t\t\t\t\t\t\t\t\t<div class=\"elementor-button-wrapper\">\n\t\t\t\t\t<a class=\"elementor-button elementor-button-link elementor-size-sm\" href=\"https:\/\/contas-educamb.mma.gov.br\/product\/checkout\/nos_no_clima_da_mudanca_caminhos_de_educacao_e_justica_climatica\" target=\"_blank\">\n\t\t\t\t\t\t<span class=\"elementor-button-content-wrapper\">\n\t\t\t\t\t\t<span class=\"elementor-button-icon\">\n\t\t\t\t<svg xmlns=\"http:\/\/www.w3.org\/2000\/svg\" width=\"128\" height=\"128\" viewBox=\"0 0 128 128\" fill=\"none\"><path d=\"M82.8849 39.8933C83.249 40.2724 83.5348 40.7196 83.7259 41.2092C83.9171 41.6989 84.0099 42.2214 83.999 42.747C83.9881 43.2725 83.8738 43.7907 83.6624 44.272C83.4511 44.7533 83.147 45.1883 82.7675 45.552L66.1009 61.552C65.3561 62.2658 64.3644 62.6644 63.3329 62.6644C62.3013 62.6644 61.3096 62.2658 60.5649 61.552L50.5649 51.952C50.1684 51.5928 49.8481 51.1579 49.6228 50.6727C49.3974 50.1876 49.2717 49.6622 49.2529 49.1277C49.2342 48.5931 49.3229 48.0602 49.5137 47.5605C49.7046 47.0608 49.9937 46.6045 50.364 46.2185C50.7343 45.8325 51.1782 45.5247 51.6696 45.3133C52.1609 45.1019 52.6897 44.9912 53.2246 44.9877C53.7594 44.9842 54.2896 45.0881 54.7836 45.2931C55.2777 45.4981 55.7256 45.8002 56.1009 46.1813L63.3329 53.12L77.2315 39.7813C77.997 39.0476 79.0224 38.6478 80.0825 38.6698C81.1425 38.6918 82.1505 39.1285 82.8849 39.8933Z\" fill=\"white\"><\/path><path fill-rule=\"evenodd\" clip-rule=\"evenodd\" d=\"M20.0005 42.6666C20.0005 35.9478 22.6695 29.5042 27.4205 24.7533C32.1714 20.0024 38.615 17.3333 45.3338 17.3333H98.6672C103.819 17.3333 108 21.5146 108 26.6666V106.667C108 109.142 107.017 111.516 105.267 113.266C103.516 115.017 101.143 116 98.6672 116H40.0005C34.6962 116 29.6091 113.893 25.8584 110.142C22.1076 106.391 20.0005 101.304 20.0005 96V42.6666ZM28.0005 80C31.4595 77.398 35.6721 75.9938 40.0005 76H100V26.6666C100 26.313 99.86 25.9739 99.61 25.7238C99.3599 25.4738 99.0208 25.3333 98.6672 25.3333H45.3338C40.7367 25.3333 36.3279 27.1595 33.0773 30.4101C29.8267 33.6608 28.0005 38.0696 28.0005 42.6666V80ZM28.0005 96C28.0005 99.1826 29.2648 102.235 31.5152 104.485C33.7656 106.736 36.8179 108 40.0005 108H98.6672C99.0208 108 99.3599 107.859 99.61 107.609C99.86 107.359 100 107.02 100 106.667V84H40.0005C36.8179 84 33.7656 85.2643 31.5152 87.5147C29.2648 89.7651 28.0005 92.8174 28.0005 96Z\" fill=\"white\"><\/path><\/svg>\t\t\t<\/span>\n\t\t\t\t\t\t\t\t\t<span class=\"elementor-button-text\">Fazer inscri\u00e7\u00e3o<\/span>\n\t\t\t\t\t<\/span>\n\t\t\t\t\t<\/a>\n\t\t\t\t<\/div>\n\t\t\t\t\t\t\t\t<\/div>\n\t\t\t\t<\/div>\n\t\t\t\t<div class=\"elementor-element elementor-element-bcad1a1 elementor-align-left elementor-mobile-align-justify elementor-widget elementor-widget-button\" data-id=\"bcad1a1\" data-element_type=\"widget\" data-widget_type=\"button.default\">\n\t\t\t\t<div class=\"elementor-widget-container\">\n\t\t\t\t\t\t\t\t\t<div class=\"elementor-button-wrapper\">\n\t\t\t\t\t<a class=\"elementor-button elementor-button-link elementor-size-sm\" href=\"https:\/\/educamb.mma.gov.br\/wp-content\/uploads\/2025\/10\/Tutorial-inscricao-cursos-EDUCAMB.pdf\" target=\"_blank\">\n\t\t\t\t\t\t<span class=\"elementor-button-content-wrapper\">\n\t\t\t\t\t\t<span class=\"elementor-button-icon\">\n\t\t\t\t<svg aria-hidden=\"true\" class=\"e-font-icon-svg e-far-file-pdf\" viewBox=\"0 0 384 512\" xmlns=\"http:\/\/www.w3.org\/2000\/svg\"><path d=\"M369.9 97.9L286 14C277 5 264.8-.1 252.1-.1H48C21.5 0 0 21.5 0 48v416c0 26.5 21.5 48 48 48h288c26.5 0 48-21.5 48-48V131.9c0-12.7-5.1-25-14.1-34zM332.1 128H256V51.9l76.1 76.1zM48 464V48h160v104c0 13.3 10.7 24 24 24h104v288H48zm250.2-143.7c-12.2-12-47-8.7-64.4-6.5-17.2-10.5-28.7-25-36.8-46.3 3.9-16.1 10.1-40.6 5.4-56-4.2-26.2-37.8-23.6-42.6-5.9-4.4 16.1-.4 38.5 7 67.1-10 23.9-24.9 56-35.4 74.4-20 10.3-47 26.2-51 46.2-3.3 15.8 26 55.2 76.1-31.2 22.4-7.4 46.8-16.5 68.4-20.1 18.9 10.2 41 17 55.8 17 25.5 0 28-28.2 17.5-38.7zm-198.1 77.8c5.1-13.7 24.5-29.5 30.4-35-19 30.3-30.4 35.7-30.4 35zm81.6-190.6c7.4 0 6.7 32.1 1.8 40.8-4.4-13.9-4.3-40.8-1.8-40.8zm-24.4 136.6c9.7-16.9 18-37 24.7-54.7 8.3 15.1 18.9 27.2 30.1 35.5-20.8 4.3-38.9 13.1-54.8 19.2zm131.6-5s-5 6-37.3-7.8c35.1-2.6 40.9 5.4 37.3 7.8z\"><\/path><\/svg>\t\t\t<\/span>\n\t\t\t\t\t\t\t\t\t<span class=\"elementor-button-text\">Tutorial de Inscri\u00e7\u00e3o<\/span>\n\t\t\t\t\t<\/span>\n\t\t\t\t\t<\/a>\n\t\t\t\t<\/div>\n\t\t\t\t\t\t\t\t<\/div>\n\t\t\t\t<\/div>\n\t\t\t\t<\/div>\n\t\t\t\t<\/div>\n\t\t\t\t<\/div>\n\t\t\t\t<\/div>\n\t\t\t\t\t<\/div>\n\t\t\t\t<\/div>\n\t\t\t\t<\/div>\n\t\t\t\t<\/div>\n\t\t","protected":false},"excerpt":{"rendered":"<p>N\u00f3s no Clima da Mudan\u00e7a: Caminhos de Educa\u00e7\u00e3o e Justi\u00e7a Clim\u00e1tica A forma\u00e7\u00e3o articula Educa\u00e7\u00e3o Ambiental, Justi\u00e7a Clim\u00e1tica e Redu\u00e7\u00e3o de Riscos de Desastres (RRD), convidando os(as) participantes a refletirem sobre as desigualdades socioambientais e as pot\u00eancias de a\u00e7\u00e3o coletiva no contexto escolar. Ao longo dos m\u00f3dulos, s\u00e3o apresentados conceitos fundamentais e metodologias participativas que fortalecem o protagonismo estudantil, a escuta ativa, o cuidado com os territ\u00f3rios e a regenera\u00e7\u00e3o das rela\u00e7\u00f5es entre pessoas e natureza. \u00a0 Per\u00edodo de Inscri\u00e7\u00f5es: 23\/02\/2026 a 15\/06\/2026Per\u00edodo de Oferta: 23\/02\/2026 a 30\/06\/2026 Carga Hor\u00e1ria 20 horas Modalidade 100% online P\u00fablico-alvo O curso tem foco na forma\u00e7\u00e3o de educadores dos ensinos Fundamental I, II e M\u00e9dio que desejam aprofundar-se nos desafios e possibilidades de atua\u00e7\u00e3o pedag\u00f3gica diante da emerg\u00eancia clim\u00e1tica. Objetivo Geral O objetivo deste curso \u00e9 que voc\u00ea consiga transformar suas pr\u00e1ticas pedag\u00f3gicas e sua atua\u00e7\u00e3o escolar a partir de uma compreens\u00e3o cr\u00edtica das mudan\u00e7as clim\u00e1ticas, da justi\u00e7a socioambiental e dos riscos de desastres, promovendo a\u00e7\u00f5es educativas colaborativas, contextualizadas e regenerativas em seus territ\u00f3rios. Para isso, espera-se que, ao final do curso, voc\u00ea seja capaz de: Analisar criticamente os impactos das mudan\u00e7as clim\u00e1ticas e das injusti\u00e7as socioambientais no contexto escolar e territorial; Criar pr\u00e1ticas pedag\u00f3gicas transformadoras e integradoras a partir de conceitos como justi\u00e7a clim\u00e1tica, Bem Viver, sa\u00fade planet\u00e1ria e resili\u00eancia comunit\u00e1ria; Aplicar metodologias participativas que fortale\u00e7am o protagonismo estudantil, a cultura de preven\u00e7\u00e3o e a regenera\u00e7\u00e3o ambiental. Conte\u00fado Program\u00e1tico M\u00f3dulo 01 &#8211; Caminhos transformadoresM\u00f3dulo 02 &#8211; Territ\u00f3rios saud\u00e1veisM\u00f3dulo 03 &#8211; Territ\u00f3rios que protegemM\u00f3dulo 04 &#8211; Territ\u00f3rios de paz e regenera\u00e7\u00e3o Fazer inscri\u00e7\u00e3o Tutorial de Inscri\u00e7\u00e3o<\/p>\n","protected":false},"author":1,"featured_media":2068,"parent":0,"menu_order":0,"comment_status":"closed","ping_status":"closed","template":"","meta":{"footnotes":""},"class_list":["post-1839","page","type-page","status-publish","has-post-thumbnail","hentry"],"_links":{"self":[{"href":"https:\/\/educamb.mma.gov.br\/index.php?rest_route=\/wp\/v2\/pages\/1839","targetHints":{"allow":["GET"]}}],"collection":[{"href":"https:\/\/educamb.mma.gov.br\/index.php?rest_route=\/wp\/v2\/pages"}],"about":[{"href":"https:\/\/educamb.mma.gov.br\/index.php?rest_route=\/wp\/v2\/types\/page"}],"author":[{"embeddable":true,"href":"https:\/\/educamb.mma.gov.br\/index.php?rest_route=\/wp\/v2\/users\/1"}],"replies":[{"embeddable":true,"href":"https:\/\/educamb.mma.gov.br\/index.php?rest_route=%2Fwp%2Fv2%2Fcomments&post=1839"}],"version-history":[{"count":37,"href":"https:\/\/educamb.mma.gov.br\/index.php?rest_route=\/wp\/v2\/pages\/1839\/revisions"}],"predecessor-version":[{"id":2080,"href":"https:\/\/educamb.mma.gov.br\/index.php?rest_route=\/wp\/v2\/pages\/1839\/revisions\/2080"}],"wp:featuredmedia":[{"embeddable":true,"href":"https:\/\/educamb.mma.gov.br\/index.php?rest_route=\/wp\/v2\/media\/2068"}],"wp:attachment":[{"href":"https:\/\/educamb.mma.gov.br\/index.php?rest_route=%2Fwp%2Fv2%2Fmedia&parent=1839"}],"curies":[{"name":"wp","href":"https:\/\/api.w.org\/{rel}","templated":true}]}}